{"id":6066,"date":"2024-08-08T21:59:51","date_gmt":"2024-08-08T19:59:51","guid":{"rendered":"https:\/\/so-driveburger.shop\/Potennerie\/?post_type=product&#038;p=6066"},"modified":"2026-02-17T13:49:24","modified_gmt":"2026-02-17T12:49:24","slug":"double-smash","status":"publish","type":"product","link":"https:\/\/so-driveburger.shop\/Marcq\/product\/double-smash\/","title":{"rendered":"DOUBLE SMASH"},"content":{"rendered":"","protected":false},"excerpt":{"rendered":"<p>Pain Brioch\u00e9 \ud83e\udd6f,Sauce Ketchup \ud83e\udd6b Moutarde Miel \ud83c\udf6f, 2 Steak fa\u00e7on bouch\u00e8re smach\u00e9s \ud83e\udd69\ud83e\udd69, Double fromage \ud83e\uddc0\ud83e\uddc0, Oignons \ud83e\uddc5, Salade \ud83e\udd6c, Tomates \ud83c\udf45, Cornichons.<\/p>\n","protected":false},"featured_media":6067,"comment_status":"open","ping_status":"closed","template":"","meta":[],"product_cat":[33],"product_tag":[],"class_list":{"0":"post-6066","1":"product","2":"type-product","3":"status-publish","4":"has-post-thumbnail","6":"product_cat-burgers","8":"first","9":"instock","10":"taxable","11":"shipping-taxable","12":"purchasable","13":"product-type-simple","14":"add-to-wishlist-after_add_to_cart"},"_links":{"self":[{"href":"https:\/\/so-driveburger.shop\/Marcq\/wp-json\/wp\/v2\/product\/6066","targetHints":{"allow":["GET"]}}],"collection":[{"href":"https:\/\/so-driveburger.shop\/Marcq\/wp-json\/wp\/v2\/product"}],"about":[{"href":"https:\/\/so-driveburger.shop\/Marcq\/wp-json\/wp\/v2\/types\/product"}],"replies":[{"embeddable":true,"href":"https:\/\/so-driveburger.shop\/Marcq\/wp-json\/wp\/v2\/comments?post=6066"}],"wp:featuredmedia":[{"embeddable":true,"href":"https:\/\/so-driveburger.shop\/Marcq\/wp-json\/wp\/v2\/media\/6067"}],"wp:attachment":[{"href":"https:\/\/so-driveburger.shop\/Marcq\/wp-json\/wp\/v2\/media?parent=6066"}],"wp:term":[{"taxonomy":"product_cat","embeddable":true,"href":"https:\/\/so-driveburger.shop\/Marcq\/wp-json\/wp\/v2\/product_cat?post=6066"},{"taxonomy":"product_tag","embeddable":true,"href":"https:\/\/so-driveburger.shop\/Marcq\/wp-json\/wp\/v2\/product_tag?post=6066"}],"curies":[{"name":"wp","href":"https:\/\/api.w.org\/{rel}","templated":true}]}}