{"id":8037,"date":"2025-06-03T14:52:17","date_gmt":"2025-06-03T12:52:17","guid":{"rendered":"https:\/\/so-driveburger.shop\/Marcq\/?post_type=product&#038;p=8037"},"modified":"2025-09-06T20:26:01","modified_gmt":"2025-09-06T18:26:01","slug":"crispy-thai","status":"publish","type":"product","link":"https:\/\/so-driveburger.shop\/Marcq\/product\/crispy-thai\/","title":{"rendered":"Crispy Thai M"},"content":{"rendered":"<p>Un bol g\u00e9n\u00e9reux de riz parfum\u00e9, surmont\u00e9 de filets de poulet croustillants pan\u00e9s , napp\u00e9s d&rsquo;une double sauce gourmande : une mayonnaise cr\u00e9meuse et un filet de sauce sweet. Le tout est parsem\u00e9 d\u2019oignons verts frais pour une touche de fra\u00eecheur. Un plat r\u00e9confortant et relev\u00e9, parfait pour les amateurs de saveurs intenses !<\/p>\n","protected":false},"excerpt":{"rendered":"<p>\ud83c\udf57 Poulet croustillant\ud83c\udf5a riz parfum\u00e9<br \/>\n\ud83c\udf36\ufe0f Sauce chili thai &amp; mayo<br \/>\n\ud83c\udf3f Oignons verts frais<\/p>\n","protected":false},"featured_media":8039,"comment_status":"open","ping_status":"closed","template":"","meta":[],"product_cat":[71],"product_tag":[73,72,74],"class_list":{"0":"post-8037","1":"product","2":"type-product","3":"status-publish","4":"has-post-thumbnail","6":"product_cat-bowls","7":"product_tag-bowl","8":"product_tag-riz","9":"product_tag-tenders","11":"first","12":"instock","13":"featured","14":"taxable","15":"shipping-taxable","16":"purchasable","17":"product-type-simple","18":"add-to-wishlist-after_add_to_cart"},"_links":{"self":[{"href":"https:\/\/so-driveburger.shop\/Marcq\/wp-json\/wp\/v2\/product\/8037","targetHints":{"allow":["GET"]}}],"collection":[{"href":"https:\/\/so-driveburger.shop\/Marcq\/wp-json\/wp\/v2\/product"}],"about":[{"href":"https:\/\/so-driveburger.shop\/Marcq\/wp-json\/wp\/v2\/types\/product"}],"replies":[{"embeddable":true,"href":"https:\/\/so-driveburger.shop\/Marcq\/wp-json\/wp\/v2\/comments?post=8037"}],"wp:featuredmedia":[{"embeddable":true,"href":"https:\/\/so-driveburger.shop\/Marcq\/wp-json\/wp\/v2\/media\/8039"}],"wp:attachment":[{"href":"https:\/\/so-driveburger.shop\/Marcq\/wp-json\/wp\/v2\/media?parent=8037"}],"wp:term":[{"taxonomy":"product_cat","embeddable":true,"href":"https:\/\/so-driveburger.shop\/Marcq\/wp-json\/wp\/v2\/product_cat?post=8037"},{"taxonomy":"product_tag","embeddable":true,"href":"https:\/\/so-driveburger.shop\/Marcq\/wp-json\/wp\/v2\/product_tag?post=8037"}],"curies":[{"name":"wp","href":"https:\/\/api.w.org\/{rel}","templated":true}]}}