{"id":5917,"date":"2024-06-12T17:12:01","date_gmt":"2024-06-12T15:12:01","guid":{"rendered":"https:\/\/so-driveburger.shop\/Potennerie\/my-account\/"},"modified":"2024-12-10T16:25:05","modified_gmt":"2024-12-10T15:25:05","slug":"my-account","status":"publish","type":"page","link":"https:\/\/so-driveburger.shop\/Potennerie\/my-account\/","title":{"rendered":"My account"},"content":{"rendered":"<div class=\"woocommerce\"><\/div>\n\n\n<p>Vous avez  de fid\u00e9lit\u00e9 \u00e0 100 points vous recevrez un bon de 10\u20ac<\/p>\n\n","protected":false},"excerpt":{"rendered":"Vous avez de fid\u00e9lit\u00e9 \u00e0 100 points vous recevrez un bon de 10\u20ac","protected":false},"author":1,"featured_media":0,"parent":0,"menu_order":0,"comment_status":"closed","ping_status":"closed","template":"","meta":{"footnotes":""},"class_list":["post-5917","page","type-page","status-publish","hentry"],"_links":{"self":[{"href":"https:\/\/so-driveburger.shop\/Potennerie\/wp-json\/wp\/v2\/pages\/5917","targetHints":{"allow":["GET"]}}],"collection":[{"href":"https:\/\/so-driveburger.shop\/Potennerie\/wp-json\/wp\/v2\/pages"}],"about":[{"href":"https:\/\/so-driveburger.shop\/Potennerie\/wp-json\/wp\/v2\/types\/page"}],"author":[{"embeddable":true,"href":"https:\/\/so-driveburger.shop\/Potennerie\/wp-json\/wp\/v2\/users\/1"}],"replies":[{"embeddable":true,"href":"https:\/\/so-driveburger.shop\/Potennerie\/wp-json\/wp\/v2\/comments?post=5917"}],"version-history":[{"count":1,"href":"https:\/\/so-driveburger.shop\/Potennerie\/wp-json\/wp\/v2\/pages\/5917\/revisions"}],"predecessor-version":[{"id":7969,"href":"https:\/\/so-driveburger.shop\/Potennerie\/wp-json\/wp\/v2\/pages\/5917\/revisions\/7969"}],"wp:attachment":[{"href":"https:\/\/so-driveburger.shop\/Potennerie\/wp-json\/wp\/v2\/media?parent=5917"}],"curies":[{"name":"wp","href":"https:\/\/api.w.org\/{rel}","templated":true}]}}