{"id":9830,"date":"2025-06-03T14:27:25","date_gmt":"2025-06-03T12:27:25","guid":{"rendered":"https:\/\/so-driveburger.shop\/Potennerie\/?post_type=product&#038;p=9830"},"modified":"2025-12-27T20:35:13","modified_gmt":"2025-12-27T19:35:13","slug":"crispy-thai","status":"publish","type":"product","link":"https:\/\/so-driveburger.shop\/Potennerie\/product\/crispy-thai\/","title":{"rendered":"Krousty"},"content":{"rendered":"<p>Un bol g\u00e9n\u00e9reux de riz parfum\u00e9, surmont\u00e9 de filets de poulet croustillants pan\u00e9s , napp\u00e9s d&rsquo;une double sauce gourmande : secr\u00e8te cr\u00e9meuse et un filet de sauce sweet chili. Le tout est parsem\u00e9 de ciboulette pour une touche de fra\u00eecheur. Un plat r\u00e9confortant et relev\u00e9, parfait pour les amateurs de saveurs intenses !<\/p>\n","protected":false},"excerpt":{"rendered":"<p>\ud83c\udf57 Poulet croustillant\ud83c\udf5a  riz parfum\u00e9<br \/>\n\ud83c\udf36\ufe0f Sauce sweet chili &#038; Sauce secr\u00e8te<br \/>\n\ud83c\udf3f Oignons verts frais<\/p>\n","protected":false},"featured_media":9831,"comment_status":"open","ping_status":"closed","template":"","meta":[],"product_cat":[71],"product_tag":[],"class_list":{"0":"post-9830","1":"product","2":"type-product","3":"status-publish","4":"has-post-thumbnail","6":"product_cat-bowls","8":"first","9":"instock","10":"taxable","11":"shipping-taxable","12":"purchasable","13":"product-type-simple","14":"add-to-wishlist-after_add_to_cart"},"_links":{"self":[{"href":"https:\/\/so-driveburger.shop\/Potennerie\/wp-json\/wp\/v2\/product\/9830","targetHints":{"allow":["GET"]}}],"collection":[{"href":"https:\/\/so-driveburger.shop\/Potennerie\/wp-json\/wp\/v2\/product"}],"about":[{"href":"https:\/\/so-driveburger.shop\/Potennerie\/wp-json\/wp\/v2\/types\/product"}],"replies":[{"embeddable":true,"href":"https:\/\/so-driveburger.shop\/Potennerie\/wp-json\/wp\/v2\/comments?post=9830"}],"wp:featuredmedia":[{"embeddable":true,"href":"https:\/\/so-driveburger.shop\/Potennerie\/wp-json\/wp\/v2\/media\/9831"}],"wp:attachment":[{"href":"https:\/\/so-driveburger.shop\/Potennerie\/wp-json\/wp\/v2\/media?parent=9830"}],"wp:term":[{"taxonomy":"product_cat","embeddable":true,"href":"https:\/\/so-driveburger.shop\/Potennerie\/wp-json\/wp\/v2\/product_cat?post=9830"},{"taxonomy":"product_tag","embeddable":true,"href":"https:\/\/so-driveburger.shop\/Potennerie\/wp-json\/wp\/v2\/product_tag?post=9830"}],"curies":[{"name":"wp","href":"https:\/\/api.w.org\/{rel}","templated":true}]}}